{"id":25967,"date":"2024-07-01T09:18:50","date_gmt":"2024-07-01T07:18:50","guid":{"rendered":"https:\/\/rentaltec.kreatixlabs.be\/my-account\/"},"modified":"2025-04-24T16:38:16","modified_gmt":"2025-04-24T14:38:16","slug":"mon-compte","status":"publish","type":"page","link":"https:\/\/rentaltec.kreatixlabs.be\/fr\/mon-compte\/","title":{"rendered":"Mon compte"},"content":{"rendered":"\t\t<div data-elementor-type=\"wp-page\" data-elementor-id=\"25967\" class=\"elementor elementor-25967 elementor-131\" data-elementor-settings=\"{&quot;element_pack_global_tooltip_width&quot;:{&quot;unit&quot;:&quot;px&quot;,&quot;size&quot;:&quot;&quot;,&quot;sizes&quot;:[]},&quot;element_pack_global_tooltip_width_tablet&quot;:{&quot;unit&quot;:&quot;px&quot;,&quot;size&quot;:&quot;&quot;,&quot;sizes&quot;:[]},&quot;element_pack_global_tooltip_width_mobile&quot;:{&quot;unit&quot;:&quot;px&quot;,&quot;size&quot;:&quot;&quot;,&quot;sizes&quot;:[]},&quot;element_pack_global_tooltip_padding&quot;:{&quot;unit&quot;:&quot;px&quot;,&quot;top&quot;:&quot;&quot;,&quot;right&quot;:&quot;&quot;,&quot;bottom&quot;:&quot;&quot;,&quot;left&quot;:&quot;&quot;,&quot;isLinked&quot;:true},&quot;element_pack_global_tooltip_padding_tablet&quot;:{&quot;unit&quot;:&quot;px&quot;,&quot;top&quot;:&quot;&quot;,&quot;right&quot;:&quot;&quot;,&quot;bottom&quot;:&quot;&quot;,&quot;left&quot;:&quot;&quot;,&quot;isLinked&quot;:true},&quot;element_pack_global_tooltip_padding_mobile&quot;:{&quot;unit&quot;:&quot;px&quot;,&quot;top&quot;:&quot;&quot;,&quot;right&quot;:&quot;&quot;,&quot;bottom&quot;:&quot;&quot;,&quot;left&quot;:&quot;&quot;,&quot;isLinked&quot;:true},&quot;element_pack_global_tooltip_border_radius&quot;:{&quot;unit&quot;:&quot;px&quot;,&quot;top&quot;:&quot;&quot;,&quot;right&quot;:&quot;&quot;,&quot;bottom&quot;:&quot;&quot;,&quot;left&quot;:&quot;&quot;,&quot;isLinked&quot;:true},&quot;element_pack_global_tooltip_border_radius_tablet&quot;:{&quot;unit&quot;:&quot;px&quot;,&quot;top&quot;:&quot;&quot;,&quot;right&quot;:&quot;&quot;,&quot;bottom&quot;:&quot;&quot;,&quot;left&quot;:&quot;&quot;,&quot;isLinked&quot;:true},&quot;element_pack_global_tooltip_border_radius_mobile&quot;:{&quot;unit&quot;:&quot;px&quot;,&quot;top&quot;:&quot;&quot;,&quot;right&quot;:&quot;&quot;,&quot;bottom&quot;:&quot;&quot;,&quot;left&quot;:&quot;&quot;,&quot;isLinked&quot;:true}}\" data-elementor-post-type=\"page\">\n\t\t\t\t<div class=\"elementor-element elementor-element-9b19319 e-flex e-con-boxed e-con e-parent\" data-id=\"9b19319\" data-element_type=\"container\" data-e-type=\"container\" data-settings=\"{&quot;background_background&quot;:&quot;classic&quot;}\">\n\t\t\t\t\t<div class=\"e-con-inner\">\n\t\t\t\t<div class=\"elementor-element elementor-element-521ac95 elementor-widget elementor-widget-heading\" data-id=\"521ac95\" data-element_type=\"widget\" data-e-type=\"widget\" data-widget_type=\"heading.default\">\n\t\t\t\t<div class=\"elementor-widget-container\">\n\t\t\t\t\t<h1 class=\"elementor-heading-title elementor-size-default\">Mon compte<\/h1>\t\t\t\t<\/div>\n\t\t\t\t<\/div>\n\t\t\t\t<div class=\"elementor-element elementor-element-aefdf5b elementor-widget elementor-widget-text-editor\" data-id=\"aefdf5b\" data-element_type=\"widget\" data-e-type=\"widget\" data-widget_type=\"text-editor.default\">\n\t\t\t\t<div class=\"elementor-widget-container\">\n\t\t\t\t\t\t\t\t\t<p><span style=\"font-weight: 400;\">Bienvenue sur votre compte RentalTec !<\/span><\/p><p><span style=\"font-weight: 400;\">Connectez-vous pour :<\/span><\/p><ul><li><span style=\"font-weight: 400;\">Visualiser vos commandes pr\u00e9c\u00e9dentes dans la boutique en ligne<\/span><\/li><li><span style=\"font-weight: 400;\">Passer \u00e0 la caisse plus rapidement sans avoir \u00e0 saisir \u00e0 nouveau vos coordonn\u00e9es<\/span><\/li><\/ul><p><span style=\"font-weight: 400;\">Besoin d&#8217;aide ? Nous sommes l\u00e0 pour <a href=\"https:\/\/rentaltec.kreatixlabs.be\/fr\/contact\/\">vous aider<\/a> !<\/span><\/p>\t\t\t\t\t\t\t\t<\/div>\n\t\t\t\t<\/div>\n\t\t\t\t\t<\/div>\n\t\t\t\t<\/div>\n\t\t<div class=\"elementor-element elementor-element-0aa5839 e-flex e-con-boxed e-con e-parent\" data-id=\"0aa5839\" data-element_type=\"container\" data-e-type=\"container\">\n\t\t\t\t\t<div class=\"e-con-inner\">\n\t\t\t\t<div class=\"elementor-element elementor-element-0feb412 elementor-widget elementor-widget-bdt-wc-elements\" data-id=\"0feb412\" data-element_type=\"widget\" data-e-type=\"widget\" data-widget_type=\"bdt-wc-elements.default\">\n\t\t\t\t<div class=\"elementor-widget-container\">\n\t\t\t\t\t<div class=\"woocommerce\"><\/div>\t\t\t\t<\/div>\n\t\t\t\t<\/div>\n\t\t\t\t\t<\/div>\n\t\t\t\t<\/div>\n\t\t\t\t<\/div>\n\t\t","protected":false},"excerpt":{"rendered":"<p>Mon compte Bienvenue sur votre compte RentalTec ! Connectez-vous pour : Visualiser vos commandes pr\u00e9c\u00e9dentes dans la boutique en ligne Passer \u00e0 la caisse plus rapidement sans avoir \u00e0 saisir \u00e0 nouveau vos coordonn\u00e9es Besoin d&#8217;aide ? Nous sommes l\u00e0 pour vous aider !<\/p>\n","protected":false},"author":1,"featured_media":0,"parent":0,"menu_order":0,"comment_status":"closed","ping_status":"open","template":"","meta":{"_acf_changed":false,"footnotes":""},"class_list":["post-25967","page","type-page","status-publish","hentry"],"acf":[],"_links":{"self":[{"href":"https:\/\/rentaltec.kreatixlabs.be\/fr\/wp-json\/wp\/v2\/pages\/25967","targetHints":{"allow":["GET"]}}],"collection":[{"href":"https:\/\/rentaltec.kreatixlabs.be\/fr\/wp-json\/wp\/v2\/pages"}],"about":[{"href":"https:\/\/rentaltec.kreatixlabs.be\/fr\/wp-json\/wp\/v2\/types\/page"}],"author":[{"embeddable":true,"href":"https:\/\/rentaltec.kreatixlabs.be\/fr\/wp-json\/wp\/v2\/users\/1"}],"replies":[{"embeddable":true,"href":"https:\/\/rentaltec.kreatixlabs.be\/fr\/wp-json\/wp\/v2\/comments?post=25967"}],"version-history":[{"count":4,"href":"https:\/\/rentaltec.kreatixlabs.be\/fr\/wp-json\/wp\/v2\/pages\/25967\/revisions"}],"predecessor-version":[{"id":33181,"href":"https:\/\/rentaltec.kreatixlabs.be\/fr\/wp-json\/wp\/v2\/pages\/25967\/revisions\/33181"}],"wp:attachment":[{"href":"https:\/\/rentaltec.kreatixlabs.be\/fr\/wp-json\/wp\/v2\/media?parent=25967"}],"curies":[{"name":"wp","href":"https:\/\/api.w.org\/{rel}","templated":true}]}}